{"id":33733,"date":"2021-02-23T23:46:58","date_gmt":"2021-02-24T03:46:58","guid":{"rendered":"https:\/\/parents.ashtonschool.edu.do\/?page_id=33733"},"modified":"2021-06-15T20:57:12","modified_gmt":"2021-06-16T00:57:12","slug":"checkin","status":"publish","type":"page","link":"https:\/\/camp.ashtonschool.edu.do\/es\/","title":{"rendered":"Healthy Gator Check-in"},"content":{"rendered":"<div class=\"wpb-content-wrapper\"><section class=\"l-section wpb_row height_full valign_top fornonusers\"><div class=\"l-section-h i-cf\"><div class=\"g-cols vc_row type_default valign_top\"><div class=\"vc_col-sm-2 wpb_column vc_column_container\"><div class=\"vc_column-inner\"><div class=\"wpb_wrapper\"><\/div><\/div><\/div><div class=\"vc_col-sm-8 wpb_column vc_column_container\"><div class=\"vc_column-inner\"><div class=\"wpb_wrapper\"><div class=\"wpb_text_column us_custom_3e11d8f8\"><div class=\"wpb_wrapper\"><p style=\"text-align: center; font-size: 1.3em; line-height: 1,5em;\">Debe iniciar sesi\u00f3n en su cuenta para acceder al portal de Gator Camp.<\/p>\n<p style=\"text-align: center; font-size: 1.3em; line-height: 1,5em;\">Tu <strong>usuario<\/strong> es la direcci\u00f3n de correo electr\u00f3nico que proporcion\u00f3 al campamento al registrar a su (s) hijo (s) y el <strong>contrase\u00f1a<\/strong> fue enviado v\u00eda correo electr\u00f3nico por el equipo de Gators &#039;Camp. Si no recibi\u00f3 el correo electr\u00f3nico, comun\u00edquese con <a style=\"color: #c32034;\" href=\"mailto:ashtoncamp@tas.edu.do\">ashtoncamp@tas.edu.do<\/a><\/p>\n<\/div><\/div><div class=\"w-separator size_medium with_line width_default thick_1 style_solid color_border align_center\"><div class=\"w-separator-h\"><\/div><\/div><div class=\"wpb_text_column\"><div class=\"wpb_wrapper\"><h4 style=\"text-align: center;\">Iniciar sesi\u00f3n<\/h4>\n\t\t<script>\r\n\t\t\tfunction closeMessage(){jQuery('.error_wid_login').hide();}\r\n\t\t\tjQuery(document).ready(function () {\r\n\t\t\t\tjQuery('#login').validate({ errorClass: \"lw-error\" });\r\n\t\t\t});\r\n\t\t<\/script>\r\n\t\r\n<div class=\"login-wrap\">\r\n\r\n\t<div id=\"login-form\" class=\"login-form\">\r\n        \r\n\t\t\t\t\r\n\t\t\t\t\t\t\r\n\t\t<form name=\"login\" id=\"login\" method=\"post\" action=\"\" autocomplete=\"off\" data-trp-original-action=\"\" >\r\n\t\t\r\n\t\t\t\t\r\n\t\t<input type=\"hidden\" name=\"option\" value=\"ap_user_login\" \/>\r\n\t\t<input type=\"hidden\" name=\"redirect\" value=\"https:\/\/camp.ashtonschool.edu.do:443\/es\/wp-json\/wp\/v2\/pages\/33733\" \/>\r\n\t\t<div class=\"log-form-group\">\r\n\t\t\t<label for=\"userusername\">Nombre de usuario <\/label>\r\n\t\t\t<input type=\"text\" name=\"userusername\" id=\"userusername\" title=\"Please enter username\"  required>\r\n\t\t<\/div>\r\n\t\t<div class=\"log-form-group\">\r\n\t\t\t<label for=\"userpassword\">Contrase\u00f1a <\/label>\r\n\t\t\t<input type=\"password\" name=\"userpassword\" id=\"userpassword\" title=\"Please enter password\"  required>\r\n\t\t<\/div>\r\n\t\t\r\n\t\t\t\t\r\n\t\t\t\t\r\n\t\t<div class=\"log-form-group\"><label for=\"remember\"> Remember Me<\/label> <input type=\"checkbox\" name=\"remember\" id=\"remember\" value=\"Yes\"        \/><\/div>\t\t\r\n\t\t<div class=\"log-form-group\"><input name=\"login\" type=\"submit\" value=\"Iniciar sesi\u00f3n\" \/><\/div>\r\n\t\t<div class=\"log-form-group extra-links\">\r\n\t\t\t\t\t<\/div>\r\n\t\t<input type=\"hidden\" name=\"trp-form-language\" value=\"es\"\/><\/form>\r\n\t\t\r\n\t\t\t\t\r\n\t\t<\/div>\r\n\r\n<\/div>\r\n\r\n\n<\/div><\/div><\/div><\/div><\/div><div class=\"vc_col-sm-2 wpb_column vc_column_container\"><div class=\"vc_column-inner\"><div class=\"wpb_wrapper\"><\/div><\/div><\/div><\/div><\/div><\/section>\n<\/div>","protected":false},"excerpt":{"rendered":"You must login to your account in order to access the Gator Camp Portal. Your username is the Email address you provided to the camp when registering your child(ren) and the password was sent v\u00eda email by the Gators&#8217; Camp Team. If you didn&#8217;t receive the email, please contact ashtoncamp@tas.edu.do Login Nombre de usuario Contrase\u00f1a...","protected":false},"author":1,"featured_media":0,"parent":0,"menu_order":0,"comment_status":"closed","ping_status":"closed","template":"","meta":{"_acf_changed":false,"inline_featured_image":false,"footnotes":"","_links_to":"","_links_to_target":""},"class_list":["post-33733","page","type-page","status-publish","hentry"],"acf":[],"_links":{"self":[{"href":"https:\/\/camp.ashtonschool.edu.do\/es\/wp-json\/wp\/v2\/pages\/33733","targetHints":{"allow":["GET"]}}],"collection":[{"href":"https:\/\/camp.ashtonschool.edu.do\/es\/wp-json\/wp\/v2\/pages"}],"about":[{"href":"https:\/\/camp.ashtonschool.edu.do\/es\/wp-json\/wp\/v2\/types\/page"}],"author":[{"embeddable":true,"href":"https:\/\/camp.ashtonschool.edu.do\/es\/wp-json\/wp\/v2\/users\/1"}],"replies":[{"embeddable":true,"href":"https:\/\/camp.ashtonschool.edu.do\/es\/wp-json\/wp\/v2\/comments?post=33733"}],"version-history":[{"count":28,"href":"https:\/\/camp.ashtonschool.edu.do\/es\/wp-json\/wp\/v2\/pages\/33733\/revisions"}],"predecessor-version":[{"id":34079,"href":"https:\/\/camp.ashtonschool.edu.do\/es\/wp-json\/wp\/v2\/pages\/33733\/revisions\/34079"}],"wp:attachment":[{"href":"https:\/\/camp.ashtonschool.edu.do\/es\/wp-json\/wp\/v2\/media?parent=33733"}],"curies":[{"name":"wp","href":"https:\/\/api.w.org\/{rel}","templated":true}]}}