{"id":26726,"date":"2020-07-28T20:44:58","date_gmt":"2020-07-29T00:44:58","guid":{"rendered":"https:\/\/parents.ashtonschool.edu.do\/my-account-2\/"},"modified":"2021-06-14T22:00:48","modified_gmt":"2021-06-15T02:00:48","slug":"micuenta","status":"publish","type":"page","link":"https:\/\/camp.ashtonschool.edu.do\/es\/micuenta\/","title":{"rendered":"Mi cuenta"},"content":{"rendered":"<div class=\"wpb-content-wrapper\"><section class=\"l-section wpb_row height_auto fornonusers\"><div class=\"l-section-h i-cf\"><div class=\"g-cols vc_row type_default valign_top\"><div class=\"vc_col-sm-2 wpb_column vc_column_container\"><div class=\"vc_column-inner\"><div class=\"wpb_wrapper\"><\/div><\/div><\/div><div class=\"vc_col-sm-8 wpb_column vc_column_container\"><div class=\"vc_column-inner\"><div class=\"wpb_wrapper\"><div class=\"wpb_text_column us_custom_3e11d8f8\"><div class=\"wpb_wrapper\"><p style=\"text-align: center; font-size: 1.3em; line-height: 1,5em;\">Debe iniciar sesi\u00f3n en su cuenta para poder acceder al Portal de Padres.<\/p>\n<p style=\"text-align: center; font-size: 1.3em; line-height: 1,5em;\">Tu <strong>usuario<\/strong> es el EMAIL que proporcion\u00f3 a la escuela cuando inscribi\u00f3 a su(s) hij@(s) y el <strong>contrase\u00f1a<\/strong> fue enviado v\u00eda correo electr\u00f3nico en el Weekly News. Si no recibi\u00f3 el correo de Weekly News, comun\u00edquese con <a style=\"color: #c32034;\" href=\"mailto:webdesign@tas.edu.do\">webdesign@tas.edu.do<\/a><\/p>\n<\/div><\/div><div class=\"w-separator size_small\"><\/div><div class=\"wpb_text_column\"><div class=\"wpb_wrapper\"><div class=\"woocommerce\"><\/div>\n<\/div><\/div><\/div><\/div><\/div><div class=\"vc_col-sm-2 wpb_column vc_column_container\"><div class=\"vc_column-inner\"><div class=\"wpb_wrapper\"><\/div><\/div><\/div><\/div><\/div><\/section><\/div>","protected":false},"excerpt":{"rendered":"You must login to your account in order to access the Parent Portal. Your username is the Email address you provided to the school when registering your child(ren) and the password was sent v\u00eda email in the School&#8217;s Weekly News. If you didn&#8217;t receive the Weekly News email, please contact webdesign@tas.edu.do","protected":false},"author":1,"featured_media":0,"parent":0,"menu_order":0,"comment_status":"closed","ping_status":"closed","template":"","meta":{"_acf_changed":false,"inline_featured_image":false,"footnotes":"","_links_to":"","_links_to_target":""},"class_list":["post-26726","page","type-page","status-publish","hentry"],"acf":[],"_links":{"self":[{"href":"https:\/\/camp.ashtonschool.edu.do\/es\/wp-json\/wp\/v2\/pages\/26726","targetHints":{"allow":["GET"]}}],"collection":[{"href":"https:\/\/camp.ashtonschool.edu.do\/es\/wp-json\/wp\/v2\/pages"}],"about":[{"href":"https:\/\/camp.ashtonschool.edu.do\/es\/wp-json\/wp\/v2\/types\/page"}],"author":[{"embeddable":true,"href":"https:\/\/camp.ashtonschool.edu.do\/es\/wp-json\/wp\/v2\/users\/1"}],"replies":[{"embeddable":true,"href":"https:\/\/camp.ashtonschool.edu.do\/es\/wp-json\/wp\/v2\/comments?post=26726"}],"version-history":[{"count":16,"href":"https:\/\/camp.ashtonschool.edu.do\/es\/wp-json\/wp\/v2\/pages\/26726\/revisions"}],"predecessor-version":[{"id":34076,"href":"https:\/\/camp.ashtonschool.edu.do\/es\/wp-json\/wp\/v2\/pages\/26726\/revisions\/34076"}],"wp:attachment":[{"href":"https:\/\/camp.ashtonschool.edu.do\/es\/wp-json\/wp\/v2\/media?parent=26726"}],"curies":[{"name":"wp","href":"https:\/\/api.w.org\/{rel}","templated":true}]}}